{"id":10,"date":"2023-11-30T14:00:31","date_gmt":"2023-11-30T12:00:31","guid":{"rendered":"http:\/\/www.korpiporo.fi\/en\/?page_id=10"},"modified":"2024-02-29T13:00:10","modified_gmt":"2024-02-29T11:00:10","slug":"ota-yhteytta","status":"publish","type":"page","link":"https:\/\/www.korpiporo.fi\/en\/ota-yhteytta\/","title":{"rendered":"take contact"},"content":{"rendered":"<style>.kb-row-layout-id10_b4565a-d0 > .kt-row-column-wrap{align-content:start;}:where(.kb-row-layout-id10_b4565a-d0 > .kt-row-column-wrap) > .wp-block-kadence-column{justify-content:start;}.kb-row-layout-id10_b4565a-d0 > .kt-row-column-wrap{column-gap:var(--global-kb-gap-md, 2rem);row-gap:var(--global-kb-gap-md, 2rem);padding-top:var(--global-kb-spacing-sm, 1.5rem);padding-bottom:var(--global-kb-spacing-sm, 1.5rem);grid-template-columns:minmax(0, 2fr) minmax(0, 1fr);}.kb-row-layout-id10_b4565a-d0 > .kt-row-layout-overlay{opacity:0.30;}@media all and (max-width: 1024px){.kb-row-layout-id10_b4565a-d0 > .kt-row-column-wrap{grid-template-columns:minmax(0, 2fr) minmax(0, 1fr);}}@media all and (max-width: 767px){.kb-row-layout-id10_b4565a-d0 > .kt-row-column-wrap{grid-template-columns:minmax(0, 1fr);}}<\/style><div class=\"kb-row-layout-wrap kb-row-layout-id10_b4565a-d0 alignnone wp-block-kadence-rowlayout\"><div class=\"kt-row-column-wrap kt-has-2-columns kt-row-layout-left-golden kt-tab-layout-inherit kt-mobile-layout-row kt-row-valign-top\">\n<style>.kadence-column10_df1904-25 > .kt-inside-inner-col,.kadence-column10_df1904-25 > .kt-inside-inner-col:before{border-top-left-radius:0px;border-top-right-radius:0px;border-bottom-right-radius:0px;border-bottom-left-radius:0px;}.kadence-column10_df1904-25 > .kt-inside-inner-col{column-gap:var(--global-kb-gap-sm, 1rem);}.kadence-column10_df1904-25 > .kt-inside-inner-col{flex-direction:column;}.kadence-column10_df1904-25 > .kt-inside-inner-col > .aligncenter{width:100%;}.kadence-column10_df1904-25 > .kt-inside-inner-col:before{opacity:0.3;}.kadence-column10_df1904-25{position:relative;}@media all and (max-width: 1024px){.kadence-column10_df1904-25 > .kt-inside-inner-col{flex-direction:column;justify-content:center;}}@media all and (max-width: 767px){.kadence-column10_df1904-25 > .kt-inside-inner-col{flex-direction:column;justify-content:center;}}<\/style>\n<div class=\"wp-block-kadence-column kadence-column10_df1904-25\"><div class=\"kt-inside-inner-col\"><style>.kb-form input.kadence-blocks-field.verify{opacity:0.0;position:absolute;top:0.0;left:0.0;width:0.0;height:0.0;z-index:-1;}<\/style>\n<div class=\"wp-block-kadence-form kadence-form-10_32d6d4-be kb-form-wrap\"><form class=\"kb-form\" action=\"\" method=\"post\"><div class=\"kadence-blocks-form-field kb-field-desk-width-100 kb-input-size-standard\"><label for=\"kb_field_10_32d6d4-be_0\">Name<span class=\"required\">*<\/span><\/label><input name=\"kb_field_0\" id=\"kb_field_10_32d6d4-be_0\" data-label=\"Name\" type=\"text\" placeholder=\"\" value=\"\" data-type=\"text\" class=\"kb-field kb-text-style-field kb-text-field kb-field-0\" data-required=\"yes\"\/><\/div><div class=\"kadence-blocks-form-field kb-form-field-1 kb-field-desk-width-100 kb-input-size-standard\"><label for=\"kb_field_10_32d6d4-be_1\">Email<span class=\"required\">*<\/span><\/label><input name=\"kb_field_1\" id=\"kb_field_10_32d6d4-be_1\" data-label=\"Email\" type=\"email\" placeholder=\"\" value=\"\" data-type=\"email\" class=\"kb-field kb-text-style-field kb-email-field kb-field-1\" data-required=\"yes\"\/><\/div><div class=\"kadence-blocks-form-field kb-form-field-2 kb-field-desk-width-100 kb-input-size-standard\"><label for=\"kb_field_10_32d6d4-be_2\">Phone number<span class=\"required\">*<\/span><\/label><input name=\"kb_field_2\" id=\"kb_field_10_32d6d4-be_2\" data-label=\"Phone number\" type=\"tel\" placeholder=\"\" value=\"\" data-type=\"tel\" class=\"kb-field kb-text-style-field kb-tel-field kb-field-2\" data-required=\"yes\"\/><\/div><div class=\"kadence-blocks-form-field kb-form-field-3 kb-field-desk-width-100 kb-input-size-standard\"><label for=\"kb_field_10_32d6d4-be_3\">Message<span class=\"required\">*<\/span><\/label><textarea name=\"kb_field_3\" id=\"kb_field_10_32d6d4-be_3\" data-label=\"Message\" type=\"textarea\" placeholder=\"\" data-type=\"textarea\" class=\"kb-field kb-text-style-field kb-textarea-field kb-field-3\" rows=\"4\" data-required=\"yes\"><\/textarea><\/div><input type=\"hidden\" name=\"_kb_form_id\" value=\"10_32d6d4-be\"\/><input type=\"hidden\" name=\"_kb_form_post_id\" value=\"10\"\/><input type=\"hidden\" name=\"action\" value=\"kb_process_ajax_submit\"\/><input type=\"hidden\" name=\"recaptcha_response\" class=\"kb_recaptcha_response kb_recaptcha_10_32d6d4-be\"\/><label class=\"kadence-verify-label\">Email<input class=\"kadence-blocks-field verify\" type=\"text\" name=\"_kb_verify_email\" autocomplete=\"new-password\" aria-hidden=\"true\" placeholder=\"Email\" tabindex=\"-1\" data-1p-ignore=\"true\" data-lpignore=\"true\" \/><\/label><div class=\"kadence-blocks-form-field kb-submit-field kb-field-desk-width-100\"><button class=\"kb-forms-submit button kb-button-size-standard kb-button-width-auto\">Send<\/button><\/div><\/form><\/div>\n<noscript><div class=\"kadence-blocks-form-message kadence-blocks-form-warning\">Please enable JavaScript in your browser to submit the form<\/div><style>.kadence-form-10_32d6d4-be .kadence-blocks-form-field.kb-submit-field { display: none; }<\/style><\/noscript><\/div><\/div>\n\n\n<style>.kadence-column10_065e3a-82 > .kt-inside-inner-col,.kadence-column10_065e3a-82 > .kt-inside-inner-col:before{border-top-left-radius:0px;border-top-right-radius:0px;border-bottom-right-radius:0px;border-bottom-left-radius:0px;}.kadence-column10_065e3a-82 > .kt-inside-inner-col{column-gap:var(--global-kb-gap-sm, 1rem);}.kadence-column10_065e3a-82 > .kt-inside-inner-col{flex-direction:column;}.kadence-column10_065e3a-82 > .kt-inside-inner-col > .aligncenter{width:100%;}.kadence-column10_065e3a-82 > .kt-inside-inner-col:before{opacity:0.3;}.kadence-column10_065e3a-82{position:relative;}@media all and (max-width: 1024px){.kadence-column10_065e3a-82 > .kt-inside-inner-col{flex-direction:column;justify-content:center;}}@media all and (max-width: 767px){.kadence-column10_065e3a-82 > .kt-inside-inner-col{flex-direction:column;justify-content:center;}}<\/style>\n<div class=\"wp-block-kadence-column kadence-column10_065e3a-82\"><div class=\"kt-inside-inner-col\">\n<iframe src=\"https:\/\/www.google.com\/maps\/embed?pb=!1m18!1m12!1m3!1d108574.51485021792!2d28.81474291724368!3d64.83658067763987!2m3!1f0!2f0!3f0!3m2!1i1024!2i768!4f13.1!3m3!1m2!1s0x442833850ccd40a5%3A0x10c3f07e57cca6c0!2sKorpiporo!5e0!3m2!1sfi!2sfi!4v1703491352292!5m2!1sfi!2sfi\" width=\"300\" height=\"250\" style=\"border:0;\" allowfullscreen=\"\" loading=\"lazy\" referrerpolicy=\"no-referrer-when-downgrade\"><\/iframe>\n\n\n\n<p>Orders in english +358 44 249 2497 <\/p>\n\n\n\n<p>(open at 08 AM. \u2013 04 PM. GMT +02:00) or send on email <a href=\"mailto:info@korpiporo.fi\">info(at)korpiporo.fi<\/a><\/p>\n<\/div><\/div>\n\n<\/div><\/div>\n\n<style>.kb-row-layout-id2348_e0fa57-e2 > .kt-row-column-wrap{align-content:center;}:where(.kb-row-layout-id2348_e0fa57-e2 > .kt-row-column-wrap) > .wp-block-kadence-column{justify-content:center;}.kb-row-layout-id2348_e0fa57-e2 > .kt-row-column-wrap{column-gap:var(--global-kb-gap-md, 2rem);row-gap:var(--global-kb-gap-md, 2rem);max-width:var( --global-content-width, 1180px );padding-left:var(--global-content-edge-padding);padding-right:var(--global-content-edge-padding);}.kb-row-layout-id2348_e0fa57-e2 > .kt-row-column-wrap > div:not(.added-for-specificity){grid-column:initial;}.kb-row-layout-id2348_e0fa57-e2 > .kt-row-column-wrap{grid-template-columns:repeat(2, minmax(0, 1fr));}.kb-row-layout-id2348_e0fa57-e2 > .kt-row-layout-overlay{opacity:0.30;}.kb-row-layout-id2348_e0fa57-e2 ,.kb-row-layout-id2348_e0fa57-e2 h1,.kb-row-layout-id2348_e0fa57-e2 h2,.kb-row-layout-id2348_e0fa57-e2 h3,.kb-row-layout-id2348_e0fa57-e2 h4,.kb-row-layout-id2348_e0fa57-e2 h5,.kb-row-layout-id2348_e0fa57-e2 h6{color:var(--global-palette9, #ffffff);}.kb-row-layout-id2348_e0fa57-e2 .kt-row-layout-top-sep{height:100px;}.kb-row-layout-id2348_e0fa57-e2 .kt-row-layout-top-sep svg{width:100%;}.kb-row-layout-id2348_e0fa57-e2 .kt-row-layout-top-sep svg{fill:#ffffff!important;}@media all and (max-width: 1024px){.kb-row-layout-id2348_e0fa57-e2 > .kt-row-column-wrap > div:not(.added-for-specificity){grid-column:initial;}}@media all and (max-width: 1024px){.kb-row-layout-id2348_e0fa57-e2 > .kt-row-column-wrap{grid-template-columns:repeat(2, minmax(0, 1fr));}}@media all and (max-width: 767px){.kb-row-layout-id2348_e0fa57-e2 > .kt-row-column-wrap > div:not(.added-for-specificity){grid-column:initial;}.kb-row-layout-id2348_e0fa57-e2 > .kt-row-column-wrap{grid-template-columns:minmax(0, 1fr);}}<\/style><div class=\"kb-row-layout-wrap kb-row-layout-id2348_e0fa57-e2 aligncenter has-theme-palette3-background-color kt-row-has-bg wp-block-kadence-rowlayout\"><div class=\"kt-row-column-wrap kt-has-4-columns kt-row-layout-two-grid kt-tab-layout-inherit kt-mobile-layout-row kt-row-valign-middle kb-theme-content-width\">\n<style>.kadence-column2348_eddf89-1f > .kt-inside-inner-col,.kadence-column2348_eddf89-1f > .kt-inside-inner-col:before{border-top-left-radius:0px;border-top-right-radius:0px;border-bottom-right-radius:0px;border-bottom-left-radius:0px;}.kadence-column2348_eddf89-1f > .kt-inside-inner-col{column-gap:var(--global-kb-gap-sm, 1rem);}.kadence-column2348_eddf89-1f > .kt-inside-inner-col{flex-direction:column;}.kadence-column2348_eddf89-1f > .kt-inside-inner-col > .aligncenter{width:100%;}.kadence-column2348_eddf89-1f > .kt-inside-inner-col:before{opacity:0.3;}.kadence-column2348_eddf89-1f{position:relative;}@media all and (max-width: 1024px){.kadence-column2348_eddf89-1f > .kt-inside-inner-col{flex-direction:column;justify-content:center;}}@media all and (max-width: 767px){.kadence-column2348_eddf89-1f > .kt-inside-inner-col{flex-direction:column;justify-content:center;}}<\/style>\n<div class=\"wp-block-kadence-column kadence-column2348_eddf89-1f\"><div class=\"kt-inside-inner-col\">\n<p class=\"has-text-align-left has-small-font-size\">Korpiporo<br>Porokankaantie 6<br>89600 Suomussalmi<br>VAT ID: 1440616-7<\/p>\n<\/div><\/div>\n\n\n<style>.kadence-column2348_972896-23 > .kt-inside-inner-col,.kadence-column2348_972896-23 > .kt-inside-inner-col:before{border-top-left-radius:0px;border-top-right-radius:0px;border-bottom-right-radius:0px;border-bottom-left-radius:0px;}.kadence-column2348_972896-23 > .kt-inside-inner-col{column-gap:var(--global-kb-gap-sm, 1rem);}.kadence-column2348_972896-23 > .kt-inside-inner-col{flex-direction:column;}.kadence-column2348_972896-23 > .kt-inside-inner-col > .aligncenter{width:100%;}.kadence-column2348_972896-23 > .kt-inside-inner-col:before{opacity:0.3;}.kadence-column2348_972896-23{position:relative;}@media all and (max-width: 1024px){.kadence-column2348_972896-23 > .kt-inside-inner-col{flex-direction:column;justify-content:center;}}@media all and (max-width: 767px){.kadence-column2348_972896-23 > .kt-inside-inner-col{flex-direction:column;justify-content:center;}}<\/style>\n<div class=\"wp-block-kadence-column kadence-column2348_972896-23\"><div class=\"kt-inside-inner-col\">\n<p class=\"has-text-align-left has-small-font-size\">info(at)korpiporo.fi<br>in finnish +358 40 528 2364<br>Tilaukset suomeksi +358 44 249 2497 (avoinna klo. 08.00 \u2013 16.00)<br>Orders in english +358 44 249 2497 (open at 08 AM. \u2013 04 PM. GMT +02:00)<br>or +358 50 323 3967 or +358 40 047 6486<\/p>\n<\/div><\/div>\n\n\n<style>.kadence-column2348_90bcb3-7d > .kt-inside-inner-col{display:flex;}.kadence-column2348_90bcb3-7d > .kt-inside-inner-col,.kadence-column2348_90bcb3-7d > .kt-inside-inner-col:before{border-top-left-radius:0px;border-top-right-radius:0px;border-bottom-right-radius:0px;border-bottom-left-radius:0px;}.kadence-column2348_90bcb3-7d > .kt-inside-inner-col{column-gap:var(--global-kb-gap-sm, 1rem);}.kadence-column2348_90bcb3-7d > .kt-inside-inner-col{flex-direction:column;justify-content:center;}.kadence-column2348_90bcb3-7d > .kt-inside-inner-col > .aligncenter{width:100%;}.kt-row-column-wrap > .kadence-column2348_90bcb3-7d{align-self:center;}.kt-inner-column-height-full:not(.kt-has-1-columns) > .wp-block-kadence-column.kadence-column2348_90bcb3-7d{align-self:auto;}.kt-inner-column-height-full:not(.kt-has-1-columns) > .wp-block-kadence-column.kadence-column2348_90bcb3-7d > .kt-inside-inner-col{flex-direction:column;justify-content:center;}.kadence-column2348_90bcb3-7d > .kt-inside-inner-col:before{opacity:0.3;}.kadence-column2348_90bcb3-7d{position:relative;}@media all and (max-width: 1024px){.kt-row-column-wrap > .kadence-column2348_90bcb3-7d{align-self:center;}}@media all and (max-width: 1024px){.kt-inner-column-height-full:not(.kt-has-1-columns) > .wp-block-kadence-column.kadence-column2348_90bcb3-7d{align-self:auto;}}@media all and (max-width: 1024px){.kt-inner-column-height-full:not(.kt-has-1-columns) > .wp-block-kadence-column.kadence-column2348_90bcb3-7d > .kt-inside-inner-col{flex-direction:column;justify-content:center;}}@media all and (max-width: 1024px){.kadence-column2348_90bcb3-7d > .kt-inside-inner-col{flex-direction:column;justify-content:center;}}@media all and (max-width: 767px){.kt-row-column-wrap > .kadence-column2348_90bcb3-7d{align-self:center;}.kt-inner-column-height-full:not(.kt-has-1-columns) > .wp-block-kadence-column.kadence-column2348_90bcb3-7d{align-self:auto;}.kt-inner-column-height-full:not(.kt-has-1-columns) > .wp-block-kadence-column.kadence-column2348_90bcb3-7d > .kt-inside-inner-col{flex-direction:column;justify-content:center;}.kadence-column2348_90bcb3-7d > .kt-inside-inner-col{flex-direction:column;justify-content:center;}}<\/style>\n<div class=\"wp-block-kadence-column kadence-column2348_90bcb3-7d\"><div class=\"kt-inside-inner-col\">\n<p class=\"has-text-align-left has-small-font-size\"><a href=\"https:\/\/www.facebook.com\/Korpiporo\/\">Facebook<\/a><br><a href=\"https:\/\/www.instagram.com\/korpiporo\/\" data-type=\"link\" data-id=\"https:\/\/www.instagram.com\/korpiporo\/\"> Instagram<\/a><br><a href=\"https:\/\/www.youtube.com\/@korpiporotube\"> Youtube<\/a><\/p>\n<\/div><\/div>\n\n\n<style>.kadence-column2348_965148-d1 > .kt-inside-inner-col{display:flex;}.kadence-column2348_965148-d1 > .kt-inside-inner-col,.kadence-column2348_965148-d1 > .kt-inside-inner-col:before{border-top-left-radius:0px;border-top-right-radius:0px;border-bottom-right-radius:0px;border-bottom-left-radius:0px;}.kadence-column2348_965148-d1 > .kt-inside-inner-col{column-gap:var(--global-kb-gap-sm, 1rem);}.kadence-column2348_965148-d1 > .kt-inside-inner-col{flex-direction:row;flex-wrap:wrap;align-items:center;justify-content:flex-start;}.kadence-column2348_965148-d1 > .kt-inside-inner-col > *, .kadence-column2348_965148-d1 > .kt-inside-inner-col > figure.wp-block-image, .kadence-column2348_965148-d1 > .kt-inside-inner-col > figure.wp-block-kadence-image{margin-top:0px;margin-bottom:0px;}.kadence-column2348_965148-d1 > .kt-inside-inner-col > .kb-image-is-ratio-size{flex-grow:1;}.kt-row-column-wrap > .kadence-column2348_965148-d1{align-self:center;}.kt-inner-column-height-full:not(.kt-has-1-columns) > .wp-block-kadence-column.kadence-column2348_965148-d1{align-self:auto;}.kt-inner-column-height-full:not(.kt-has-1-columns) > .wp-block-kadence-column.kadence-column2348_965148-d1 > .kt-inside-inner-col{align-items:center;}.kadence-column2348_965148-d1 > .kt-inside-inner-col:before{opacity:0.3;}.kadence-column2348_965148-d1{position:relative;}@media all and (max-width: 1024px){.kt-row-column-wrap > .kadence-column2348_965148-d1{align-self:center;}}@media all and (max-width: 1024px){.kt-inner-column-height-full:not(.kt-has-1-columns) > .wp-block-kadence-column.kadence-column2348_965148-d1{align-self:auto;}}@media all and (max-width: 1024px){.kt-inner-column-height-full:not(.kt-has-1-columns) > .wp-block-kadence-column.kadence-column2348_965148-d1 > .kt-inside-inner-col{align-items:center;}}@media all and (max-width: 1024px){.kadence-column2348_965148-d1 > .kt-inside-inner-col{flex-direction:row;flex-wrap:wrap;align-items:center;justify-content:flex-start;}}@media all and (min-width: 768px) and (max-width: 1024px){.kadence-column2348_965148-d1 > .kt-inside-inner-col > *, .kadence-column2348_965148-d1 > .kt-inside-inner-col > figure.wp-block-image, .kadence-column2348_965148-d1 > .kt-inside-inner-col > figure.wp-block-kadence-image{margin-top:0px;margin-bottom:0px;}.kadence-column2348_965148-d1 > .kt-inside-inner-col > .kb-image-is-ratio-size{flex-grow:1;}}@media all and (max-width: 767px){.kt-row-column-wrap > .kadence-column2348_965148-d1{align-self:center;}.kt-inner-column-height-full:not(.kt-has-1-columns) > .wp-block-kadence-column.kadence-column2348_965148-d1{align-self:auto;}.kt-inner-column-height-full:not(.kt-has-1-columns) > .wp-block-kadence-column.kadence-column2348_965148-d1 > .kt-inside-inner-col{align-items:center;}.kadence-column2348_965148-d1 > .kt-inside-inner-col{flex-direction:row;flex-wrap:wrap;justify-content:flex-start;justify-content:flex-start;}.kadence-column2348_965148-d1 > .kt-inside-inner-col > *, .kadence-column2348_965148-d1 > .kt-inside-inner-col > figure.wp-block-image, .kadence-column2348_965148-d1 > .kt-inside-inner-col > figure.wp-block-kadence-image{margin-top:0px;margin-bottom:0px;}.kadence-column2348_965148-d1 > .kt-inside-inner-col > .kb-image-is-ratio-size{flex-grow:1;}}<\/style>\n<div class=\"wp-block-kadence-column kadence-column2348_965148-d1 kb-section-dir-horizontal\"><div class=\"kt-inside-inner-col\">\n<p class=\"has-theme-palette-9-color has-text-color has-link-color has-small-font-size wp-elements-84c750fd9323a159cdcc8994199ac616\"><a href=\"https:\/\/www.korpiporo.fi\/en\/tietoja\/\">About<\/a><\/p>\n\n\n\n<p class=\"has-theme-palette-9-color has-text-color has-link-color has-small-font-size wp-elements-6cb95e23b3c3b4c76fe860aa99b60efe\"><a href=\"https:\/\/www.korpiporo.fi\/en\/tietosuojaseloste\/\">Privacy statement<\/a><\/p>\n\n\n\n<figure class=\"wp-block-image size-full is-resized\"><a href=\"https:\/\/finlandtravel.fi\/listing\/korpiporo-ohjelmapalvelut\/\"><img loading=\"lazy\" decoding=\"async\" width=\"281\" height=\"106\" src=\"https:\/\/www.korpiporo.fi\/en\/wp-content\/uploads\/2024\/01\/Finland_Travel_webp.webp\" alt=\"\" class=\"wp-image-2380\" style=\"width:123px;height:auto\"\/><\/a><\/figure>\n<\/div><\/div>\n\n<\/div><\/div>","protected":false},"excerpt":{"rendered":"<p>Orders in english +358 44 249 2497 (open at 08 AM. \u2013 04 PM. GMT +02:00) or send on email info(at)korpiporo.fi<\/p>\n","protected":false},"author":3,"featured_media":0,"parent":0,"menu_order":0,"comment_status":"closed","ping_status":"closed","template":"","meta":{"_kad_post_transparent":"","_kad_post_title":"","_kad_post_layout":"","_kad_post_sidebar_id":"","_kad_post_content_style":"","_kad_post_vertical_padding":"","_kad_post_feature":"","_kad_post_feature_position":"","_kad_post_header":false,"_kad_post_footer":false,"_kad_post_classname":"","footnotes":""},"class_list":["post-10","page","type-page","status-publish","hentry"],"yoast_head":"<!-- This site is optimized with the Yoast SEO plugin v25.6 - https:\/\/yoast.com\/wordpress\/plugins\/seo\/ -->\n<title>take contact - Korpiporo Tilaa poro-ohjelmapalvelu<\/title>\n<meta name=\"description\" content=\"Ota yhteytt\u00e4, j\u00e4t\u00e4 palautetta tai tilaa poro-ohjelmapalvelu paikanp\u00e4\u00e4lle.\" \/>\n<meta name=\"robots\" content=\"index, follow, max-snippet:-1, max-image-preview:large, max-video-preview:-1\" \/>\n<link rel=\"canonical\" href=\"https:\/\/www.korpiporo.fi\/en\/ota-yhteytta\/\" \/>\n<meta property=\"og:locale\" content=\"en_US\" \/>\n<meta property=\"og:type\" content=\"article\" \/>\n<meta property=\"og:title\" content=\"take contact - Korpiporo Tilaa poro-ohjelmapalvelu\" \/>\n<meta property=\"og:description\" content=\"Ota yhteytt\u00e4, j\u00e4t\u00e4 palautetta tai tilaa poro-ohjelmapalvelu paikanp\u00e4\u00e4lle.\" \/>\n<meta property=\"og:url\" content=\"https:\/\/www.korpiporo.fi\/en\/ota-yhteytta\/\" \/>\n<meta property=\"og:site_name\" content=\"Korpiporo\" \/>\n<meta property=\"article:publisher\" content=\"https:\/\/www.facebook.com\/Korpiporo\/\" \/>\n<meta property=\"article:modified_time\" content=\"2024-02-29T11:00:10+00:00\" \/>\n<meta name=\"twitter:card\" content=\"summary_large_image\" \/>\n<meta name=\"twitter:label1\" content=\"Est. reading time\" \/>\n\t<meta name=\"twitter:data1\" content=\"1 minute\" \/>\n<script type=\"application\/ld+json\" class=\"yoast-schema-graph\">{\"@context\":\"https:\/\/schema.org\",\"@graph\":[{\"@type\":\"WebPage\",\"@id\":\"https:\/\/www.korpiporo.fi\/en\/ota-yhteytta\/\",\"url\":\"https:\/\/www.korpiporo.fi\/en\/ota-yhteytta\/\",\"name\":\"take contact - Korpiporo Tilaa poro-ohjelmapalvelu\",\"isPartOf\":{\"@id\":\"https:\/\/www.korpiporo.fi\/en\/#website\"},\"datePublished\":\"2023-11-30T12:00:31+00:00\",\"dateModified\":\"2024-02-29T11:00:10+00:00\",\"description\":\"Ota yhteytt\u00e4, j\u00e4t\u00e4 palautetta tai tilaa poro-ohjelmapalvelu paikanp\u00e4\u00e4lle.\",\"breadcrumb\":{\"@id\":\"https:\/\/www.korpiporo.fi\/en\/ota-yhteytta\/#breadcrumb\"},\"inLanguage\":\"en\",\"potentialAction\":[{\"@type\":\"ReadAction\",\"target\":[\"https:\/\/www.korpiporo.fi\/en\/ota-yhteytta\/\"]}]},{\"@type\":\"BreadcrumbList\",\"@id\":\"https:\/\/www.korpiporo.fi\/en\/ota-yhteytta\/#breadcrumb\",\"itemListElement\":[{\"@type\":\"ListItem\",\"position\":1,\"name\":\"Home page\",\"item\":\"https:\/\/www.korpiporo.fi\/en\/\"},{\"@type\":\"ListItem\",\"position\":2,\"name\":\"take contact\"}]},{\"@type\":\"WebSite\",\"@id\":\"https:\/\/www.korpiporo.fi\/en\/#website\",\"url\":\"https:\/\/www.korpiporo.fi\/en\/\",\"name\":\"Korpiporo\",\"description\":\"\",\"publisher\":{\"@id\":\"https:\/\/www.korpiporo.fi\/en\/#organization\"},\"potentialAction\":[{\"@type\":\"SearchAction\",\"target\":{\"@type\":\"EntryPoint\",\"urlTemplate\":\"https:\/\/www.korpiporo.fi\/en\/?s={search_term_string}\"},\"query-input\":{\"@type\":\"PropertyValueSpecification\",\"valueRequired\":true,\"valueName\":\"search_term_string\"}}],\"inLanguage\":\"en\"},{\"@type\":\"Organization\",\"@id\":\"https:\/\/www.korpiporo.fi\/en\/#organization\",\"name\":\"Korpiporo\",\"url\":\"https:\/\/www.korpiporo.fi\/en\/\",\"logo\":{\"@type\":\"ImageObject\",\"inLanguage\":\"en\",\"@id\":\"https:\/\/www.korpiporo.fi\/en\/#\/schema\/logo\/image\/\",\"url\":\"https:\/\/www.korpiporo.fi\/en\/wp-content\/uploads\/2024\/02\/cropped-korpiporo-logo-gradient-2_webp.webp\",\"contentUrl\":\"https:\/\/www.korpiporo.fi\/en\/wp-content\/uploads\/2024\/02\/cropped-korpiporo-logo-gradient-2_webp.webp\",\"width\":470,\"height\":79,\"caption\":\"Korpiporo\"},\"image\":{\"@id\":\"https:\/\/www.korpiporo.fi\/en\/#\/schema\/logo\/image\/\"},\"sameAs\":[\"https:\/\/www.facebook.com\/Korpiporo\/\"]}]}<\/script>\n<!-- \/ Yoast SEO plugin. -->","yoast_head_json":{"title":"take contact - Korpiporo Tilaa poro-ohjelmapalvelu","description":"Ota yhteytt\u00e4, j\u00e4t\u00e4 palautetta tai tilaa poro-ohjelmapalvelu paikanp\u00e4\u00e4lle.","robots":{"index":"index","follow":"follow","max-snippet":"max-snippet:-1","max-image-preview":"max-image-preview:large","max-video-preview":"max-video-preview:-1"},"canonical":"https:\/\/www.korpiporo.fi\/en\/ota-yhteytta\/","og_locale":"en_US","og_type":"article","og_title":"take contact - Korpiporo Tilaa poro-ohjelmapalvelu","og_description":"Ota yhteytt\u00e4, j\u00e4t\u00e4 palautetta tai tilaa poro-ohjelmapalvelu paikanp\u00e4\u00e4lle.","og_url":"https:\/\/www.korpiporo.fi\/en\/ota-yhteytta\/","og_site_name":"Korpiporo","article_publisher":"https:\/\/www.facebook.com\/Korpiporo\/","article_modified_time":"2024-02-29T11:00:10+00:00","twitter_card":"summary_large_image","twitter_misc":{"Est. reading time":"1 minute"},"schema":{"@context":"https:\/\/schema.org","@graph":[{"@type":"WebPage","@id":"https:\/\/www.korpiporo.fi\/en\/ota-yhteytta\/","url":"https:\/\/www.korpiporo.fi\/en\/ota-yhteytta\/","name":"take contact - Korpiporo Tilaa poro-ohjelmapalvelu","isPartOf":{"@id":"https:\/\/www.korpiporo.fi\/en\/#website"},"datePublished":"2023-11-30T12:00:31+00:00","dateModified":"2024-02-29T11:00:10+00:00","description":"Ota yhteytt\u00e4, j\u00e4t\u00e4 palautetta tai tilaa poro-ohjelmapalvelu paikanp\u00e4\u00e4lle.","breadcrumb":{"@id":"https:\/\/www.korpiporo.fi\/en\/ota-yhteytta\/#breadcrumb"},"inLanguage":"en","potentialAction":[{"@type":"ReadAction","target":["https:\/\/www.korpiporo.fi\/en\/ota-yhteytta\/"]}]},{"@type":"BreadcrumbList","@id":"https:\/\/www.korpiporo.fi\/en\/ota-yhteytta\/#breadcrumb","itemListElement":[{"@type":"ListItem","position":1,"name":"Home page","item":"https:\/\/www.korpiporo.fi\/en\/"},{"@type":"ListItem","position":2,"name":"take contact"}]},{"@type":"WebSite","@id":"https:\/\/www.korpiporo.fi\/en\/#website","url":"https:\/\/www.korpiporo.fi\/en\/","name":"Korpiporo","description":"","publisher":{"@id":"https:\/\/www.korpiporo.fi\/en\/#organization"},"potentialAction":[{"@type":"SearchAction","target":{"@type":"EntryPoint","urlTemplate":"https:\/\/www.korpiporo.fi\/en\/?s={search_term_string}"},"query-input":{"@type":"PropertyValueSpecification","valueRequired":true,"valueName":"search_term_string"}}],"inLanguage":"en"},{"@type":"Organization","@id":"https:\/\/www.korpiporo.fi\/en\/#organization","name":"Korpiporo","url":"https:\/\/www.korpiporo.fi\/en\/","logo":{"@type":"ImageObject","inLanguage":"en","@id":"https:\/\/www.korpiporo.fi\/en\/#\/schema\/logo\/image\/","url":"https:\/\/www.korpiporo.fi\/en\/wp-content\/uploads\/2024\/02\/cropped-korpiporo-logo-gradient-2_webp.webp","contentUrl":"https:\/\/www.korpiporo.fi\/en\/wp-content\/uploads\/2024\/02\/cropped-korpiporo-logo-gradient-2_webp.webp","width":470,"height":79,"caption":"Korpiporo"},"image":{"@id":"https:\/\/www.korpiporo.fi\/en\/#\/schema\/logo\/image\/"},"sameAs":["https:\/\/www.facebook.com\/Korpiporo\/"]}]}},"_links":{"self":[{"href":"https:\/\/www.korpiporo.fi\/en\/wp-json\/wp\/v2\/pages\/10"}],"collection":[{"href":"https:\/\/www.korpiporo.fi\/en\/wp-json\/wp\/v2\/pages"}],"about":[{"href":"https:\/\/www.korpiporo.fi\/en\/wp-json\/wp\/v2\/types\/page"}],"author":[{"embeddable":true,"href":"https:\/\/www.korpiporo.fi\/en\/wp-json\/wp\/v2\/users\/3"}],"replies":[{"embeddable":true,"href":"https:\/\/www.korpiporo.fi\/en\/wp-json\/wp\/v2\/comments?post=10"}],"version-history":[{"count":0,"href":"https:\/\/www.korpiporo.fi\/en\/wp-json\/wp\/v2\/pages\/10\/revisions"}],"wp:attachment":[{"href":"https:\/\/www.korpiporo.fi\/en\/wp-json\/wp\/v2\/media?parent=10"}],"curies":[{"name":"wp","href":"https:\/\/api.w.org\/{rel}","templated":true}]}}